{"id":2721,"date":"2021-01-03T10:19:50","date_gmt":"2021-01-03T10:19:50","guid":{"rendered":"https:\/\/undergroundguns.com\/perguntas-frequentes\/"},"modified":"2026-04-12T03:29:02","modified_gmt":"2026-04-12T03:29:02","slug":"perguntas-frequentes","status":"publish","type":"page","link":"https:\/\/undergroundguns.com\/pt-pt\/perguntas-frequentes\/","title":{"rendered":"Perguntas frequentes<br>"},"content":{"rendered":"\n\t<section class=\"section dark\" id=\"section_1098261167\">\n\t\t<div class=\"bg section-bg fill bg-fill  \" >\n\n\t\t\t\n\t\t\t\n\t\t\t\n\n\t\t<\/div>\n\n\t\t<div class=\"section-content relative\">\n\t\t\t\n\n\n\t\t<\/div>\n\n\t\t\n<style>\n#section_1098261167 {\n  padding-top: 138px;\n  padding-bottom: 138px;\n  background-color: rgb(40, 40, 40);\n}\n#section_1098261167 .section-bg.bg-loaded {\n  background-image: url(https:\/\/undergroundguns.com\/wp-content\/uploads\/2024\/07\/FAQ.jpg);\n}\n<\/style>\n\t<\/section>\n\t\n\t<div id=\"gap-1713528145\" class=\"gap-element clearfix\" style=\"display:block; height:auto;\">\n\t\t\n<style>\n#gap-1713528145 {\n  padding-top: 40px;\n}\n<\/style>\n\t<\/div>\n\t\n\n<div class=\"row\"  id=\"row-1500884394\">\n\n\n\t<div id=\"col-2035667559\" class=\"col small-12 large-12\"  >\n\t\t<div class=\"col-inner\"  >\n\t\t\t\n\t\t\t\n\n<h1 style=\"text-align: center;\">Perguntas frequentes (FAQ)<\/h1>\n\n\t\t<\/div>\n\t\t\t<\/div>\n\n\t\n\n<\/div>\n<p style=\"text-align: center;\"><strong>Discover answers to FAQ about untraceable, unserialized, and unregistered firearms in Denmark, Germany and beyond at Underground Guns. Browse our dark web gun shop for a wide selection.<\/strong><\/p>\n<div class=\"text-center\"><div class=\"is-divider divider clearfix\" style=\"max-width:200px;height:4px;\"><\/div><\/div>\n\n<div class=\"accordion\" rel=\"\">\n\n<div class=\"accordion-item\"><a href=\"#\" class=\"accordion-title plain\"><button class=\"toggle\"><i class=\"icon-angle-down\"><\/i><\/button><span>Que formas de pagamento aceitam?<\/span><\/a><div class=\"accordion-inner\">\n\n<p>Aceitamos bitcoin e outras <a href=\"https:\/\/en.wikipedia.org\/wiki\/Cryptocurrency\" target=\"_blank\" rel=\"noopener\">criptomoedas<\/a>.<\/p>\n\n<\/div><\/div>\n<div class=\"accordion-item\"><a href=\"#\" class=\"accordion-title plain\"><button class=\"toggle\"><i class=\"icon-angle-down\"><\/i><\/button><span>Quanto tempo levar\u00e1 para receber o meu pedido?<\/span><\/a><div class=\"accordion-inner\">\n\n<p>Devido ao grande volume de encomendas recebidas, o seu pedido pode demorar at\u00e9 4 dias a chegar ao seu destino.<\/p>\n\n<\/div><\/div>\n<div class=\"accordion-item\"><a href=\"#\" class=\"accordion-title plain\"><button class=\"toggle\"><i class=\"icon-angle-down\"><\/i><\/button><span>\u00c9 poss\u00edvel fazer uma encomenda com um prazo de entrega alargado?<\/span><\/a><div class=\"accordion-inner\">\n\n<p>N\u00e3o estamos a aceitar encomendas de artigos fora de stock, mas pode solicitar um e-mail para ser notificado quando o artigo estiver novamente dispon\u00edvel.<\/p>\n\n<\/div><\/div>\n<div class=\"accordion-item\"><a href=\"#\" class=\"accordion-title plain\"><button class=\"toggle\"><i class=\"icon-angle-down\"><\/i><\/button><span>Como posso saber se receberam o meu pedido?<\/span><\/a><div class=\"accordion-inner\">\n\n<p>Ap\u00f3s concluir a sua compra, ser\u00e1 apresentada uma p\u00e1gina de confirma\u00e7\u00e3o com o n\u00famero do seu pedido online e as informa\u00e7\u00f5es do pedido. Tamb\u00e9m lhe enviaremos uma confirma\u00e7\u00e3o por e-mail, por isso certifique-se de que introduz o seu endere\u00e7o de e-mail corretamente ao encomendar. Ou contacte-nos pelo WhatsApp\/Telegram\/Fale connosco para uma confirma\u00e7\u00e3o imediata.   <\/p>\n\n<\/div><\/div>\n<div class=\"accordion-item\"><a href=\"#\" class=\"accordion-title plain\"><button class=\"toggle\"><i class=\"icon-angle-down\"><\/i><\/button><span>Posso devolver um produto?<\/span><\/a><div class=\"accordion-inner\">\n\n<p>As armas de fogo fabricadas em casa ou as armas fantasmas n\u00e3o s\u00e3o pass\u00edveis de devolu\u00e7\u00e3o ou reembolso; todas as vendas s\u00e3o finais, uma vez que n\u00e3o possuem n\u00famero de s\u00e9rie.<\/p>\n\n<\/div><\/div>\n<div class=\"accordion-item\"><a href=\"#\" class=\"accordion-title plain\"><button class=\"toggle\"><i class=\"icon-angle-down\"><\/i><\/button><span>Como fa\u00e7o para fazer um pedido?<\/span><\/a><div class=\"accordion-inner\">\n\n<p>Fa\u00e7a o seu pedido a qualquer hora, 24 horas por dia, 7 dias por semana, no nosso site e pague diretamente ou <a href=\"https:\/\/undergroundguns.com\/unregistered-firearms-for-sale-in-hamburg\/\">contacte-nos<\/a> e n\u00f3s faremos isso por si.<\/p>\n\n<\/div><\/div>\n\n<\/div>\n\t<div id=\"gap-1793522385\" class=\"gap-element clearfix\" style=\"display:block; height:auto;\">\n\t\t\n<style>\n#gap-1793522385 {\n  padding-top: 50px;\n}\n<\/style>\n\t<\/div>\n\t\n\n\t<section class=\"section dark\" id=\"section_1009076998\">\n\t\t<div class=\"bg section-bg fill bg-fill  bg-loaded\" >\n\n\t\t\t\n\t\t\t<div class=\"section-bg-overlay absolute fill\"><\/div><div class=\"effect-snow bg-effect fill no-click\"><\/div>\n\t\t\t\n\n\t\t<\/div>\n\n\t\t<div class=\"section-content relative\">\n\t\t\t\n\n<h2 style=\"text-align: center;\">Ainda tem d\u00favidas sobre as armas clandestinas?<\/h2>\n<a href=\"https:\/\/undergroundguns.com\/unregistered-firearms-for-sale-in-hamburg\/\" target=\"_self\" class=\"button secondary is-outline box-shadow-4 box-shadow-4-hover expand\" style=\"border-radius:99px;\">\n    <span>CONTACTE-NOS<\/span>\n  <\/a>\n\n\n\n\t\t<\/div>\n\n\t\t\n<style>\n#section_1009076998 {\n  padding-top: 30px;\n  padding-bottom: 30px;\n  background-color: #446084;\n}\n#section_1009076998 .section-bg-overlay {\n  background-color: rgba(0,0,0,.5);\n}\n<\/style>\n\t<\/section>\n\t\n\n","protected":false},"excerpt":{"rendered":"","protected":false},"author":1,"featured_media":2515,"parent":0,"menu_order":0,"comment_status":"closed","ping_status":"closed","template":"","meta":{"content-type":"","footnotes":""},"class_list":["post-2721","page","type-page","status-publish","has-post-thumbnail","hentry"],"_links":{"self":[{"href":"https:\/\/undergroundguns.com\/pt-pt\/wp-json\/wp\/v2\/pages\/2721","targetHints":{"allow":["GET"]}}],"collection":[{"href":"https:\/\/undergroundguns.com\/pt-pt\/wp-json\/wp\/v2\/pages"}],"about":[{"href":"https:\/\/undergroundguns.com\/pt-pt\/wp-json\/wp\/v2\/types\/page"}],"author":[{"embeddable":true,"href":"https:\/\/undergroundguns.com\/pt-pt\/wp-json\/wp\/v2\/users\/1"}],"replies":[{"embeddable":true,"href":"https:\/\/undergroundguns.com\/pt-pt\/wp-json\/wp\/v2\/comments?post=2721"}],"version-history":[{"count":4,"href":"https:\/\/undergroundguns.com\/pt-pt\/wp-json\/wp\/v2\/pages\/2721\/revisions"}],"predecessor-version":[{"id":2812,"href":"https:\/\/undergroundguns.com\/pt-pt\/wp-json\/wp\/v2\/pages\/2721\/revisions\/2812"}],"wp:featuredmedia":[{"embeddable":true,"href":"https:\/\/undergroundguns.com\/pt-pt\/wp-json\/wp\/v2\/media\/2515"}],"wp:attachment":[{"href":"https:\/\/undergroundguns.com\/pt-pt\/wp-json\/wp\/v2\/media?parent=2721"}],"curies":[{"name":"wp","href":"https:\/\/api.w.org\/{rel}","templated":true}]}}