{"id":2687,"date":"2021-01-03T10:19:50","date_gmt":"2021-01-03T10:19:50","guid":{"rendered":"https:\/\/undergroundguns.com\/faq\/"},"modified":"2026-04-11T12:50:44","modified_gmt":"2026-04-11T12:50:44","slug":"faq","status":"publish","type":"page","link":"https:\/\/undergroundguns.com\/fr\/faq\/","title":{"rendered":"FAQ<br>"},"content":{"rendered":"\n\t<section class=\"section dark\" id=\"section_1161005478\">\n\t\t<div class=\"bg section-bg fill bg-fill  \" >\n\n\t\t\t\n\t\t\t\n\t\t\t\n\n\t\t<\/div>\n\n\t\t<div class=\"section-content relative\">\n\t\t\t\n\n\n\t\t<\/div>\n\n\t\t\n<style>\n#section_1161005478 {\n  padding-top: 138px;\n  padding-bottom: 138px;\n  background-color: rgb(40, 40, 40);\n}\n#section_1161005478 .section-bg.bg-loaded {\n  background-image: url(https:\/\/undergroundguns.com\/wp-content\/uploads\/2024\/07\/FAQ.jpg);\n}\n<\/style>\n\t<\/section>\n\t\n\t<div id=\"gap-2016488119\" class=\"gap-element clearfix\" style=\"display:block; height:auto;\">\n\t\t\n<style>\n#gap-2016488119 {\n  padding-top: 40px;\n}\n<\/style>\n\t<\/div>\n\t\n\n<div class=\"row\"  id=\"row-892031987\">\n\n\n\t<div id=\"col-398603505\" class=\"col small-12 large-12\"  >\n\t\t<div class=\"col-inner\"  >\n\t\t\t\n\t\t\t\n\n<h1 style=\"text-align: center;\">FAQ (Foire aux questions)<\/h1>\n\n\t\t<\/div>\n\t\t\t<\/div>\n\n\t\n\n<\/div>\n<p style=\"text-align: center;\"><strong>Discover answers to FAQ about untraceable, unserialized, and unregistered firearms in Denmark, Germany and beyond at Underground Guns. Browse our dark web gun shop for a wide selection.<\/strong><\/p>\n<div class=\"text-center\"><div class=\"is-divider divider clearfix\" style=\"max-width:200px;height:4px;\"><\/div><\/div>\n\n<div class=\"accordion\" rel=\"\">\n\n<div class=\"accordion-item\"><a href=\"#\" class=\"accordion-title plain\"><button class=\"toggle\"><i class=\"icon-angle-down\"><\/i><\/button><span>Quels modes de paiement acceptez-vous ?<\/span><\/a><div class=\"accordion-inner\">\n\n<p>Nous acceptons le bitcoin et les autres <a href=\"https:\/\/en.wikipedia.org\/wiki\/Cryptocurrency\" target=\"_blank\" rel=\"noopener\">cryptomonnaies<\/a>.<\/p>\n\n<\/div><\/div>\n<div class=\"accordion-item\"><a href=\"#\" class=\"accordion-title plain\"><button class=\"toggle\"><i class=\"icon-angle-down\"><\/i><\/button><span>Combien de temps faudra-t-il pour recevoir ma commande ?<\/span><\/a><div class=\"accordion-inner\">\n\n<p>En raison du volume \u00e9lev\u00e9 de commandes que nous avons re\u00e7ues, votre commande peut prendre jusqu&rsquo;\u00e0 4 jours pour arriver \u00e0 destination.<\/p>\n\n<\/div><\/div>\n<div class=\"accordion-item\"><a href=\"#\" class=\"accordion-title plain\"><button class=\"toggle\"><i class=\"icon-angle-down\"><\/i><\/button><span>Est-il possible de passer une commande diff\u00e9r\u00e9e ?<\/span><\/a><div class=\"accordion-inner\">\n\n<p>Nous n&rsquo;acceptons pas les commandes en attente pour les articles en rupture de stock, mais vous pouvez demander \u00e0 \u00eatre averti par e-mail lorsque l&rsquo;article sera de nouveau disponible.<\/p>\n\n<\/div><\/div>\n<div class=\"accordion-item\"><a href=\"#\" class=\"accordion-title plain\"><button class=\"toggle\"><i class=\"icon-angle-down\"><\/i><\/button><span>Comment savoir si vous avez re\u00e7u ma commande ?<\/span><\/a><div class=\"accordion-inner\">\n\n<p>Une fois votre achat finalis\u00e9, une page de confirmation s&rsquo;affichera avec votre num\u00e9ro de commande et les d\u00e9tails de votre commande. Nous vous enverrons \u00e9galement une confirmation par e-mail. Assurez-vous donc de saisir votre adresse e-mail correctement lors de votre commande. Vous pouvez aussi nous contacter via WhatsApp\/Telegram\/Contact pour une confirmation rapide.   <\/p>\n\n<\/div><\/div>\n<div class=\"accordion-item\"><a href=\"#\" class=\"accordion-title plain\"><button class=\"toggle\"><i class=\"icon-angle-down\"><\/i><\/button><span>Puis-je retourner un article ?<\/span><\/a><div class=\"accordion-inner\">\n\n<p>Les armes \u00e0 feu de fabrication priv\u00e9e ou les armes fant\u00f4mes ne sont ni reprises ni rembours\u00e9es ; toutes les ventes sont d\u00e9finitives puisqu&rsquo;elles ne poss\u00e8dent pas de num\u00e9ro de s\u00e9rie.<\/p>\n\n<\/div><\/div>\n<div class=\"accordion-item\"><a href=\"#\" class=\"accordion-title plain\"><button class=\"toggle\"><i class=\"icon-angle-down\"><\/i><\/button><span>Comment passer une commande ?<\/span><\/a><div class=\"accordion-inner\">\n\n<p>Passez votre commande \u00e0 tout moment, 24h\/24 et 7j\/7, sur notre site web et payez directement, ou <a href=\"https:\/\/undergroundguns.com\/unregistered-firearms-for-sale-in-hamburg\/\">contactez-nous<\/a> et nous nous en chargerons pour vous.<\/p>\n\n<\/div><\/div>\n\n<\/div>\n\t<div id=\"gap-2049952901\" class=\"gap-element clearfix\" style=\"display:block; height:auto;\">\n\t\t\n<style>\n#gap-2049952901 {\n  padding-top: 50px;\n}\n<\/style>\n\t<\/div>\n\t\n\n\t<section class=\"section dark\" id=\"section_1806771522\">\n\t\t<div class=\"bg section-bg fill bg-fill  bg-loaded\" >\n\n\t\t\t\n\t\t\t<div class=\"section-bg-overlay absolute fill\"><\/div><div class=\"effect-snow bg-effect fill no-click\"><\/div>\n\t\t\t\n\n\t\t<\/div>\n\n\t\t<div class=\"section-content relative\">\n\t\t\t\n\n<h2 style=\"text-align: center;\">Vous avez encore des questions sur les armes clandestines ?<\/h2>\n<a href=\"https:\/\/undergroundguns.com\/unregistered-firearms-for-sale-in-hamburg\/\" target=\"_self\" class=\"button secondary is-outline box-shadow-4 box-shadow-4-hover expand\" style=\"border-radius:99px;\">\n    <span>CONTACTEZ-NOUS<\/span>\n  <\/a>\n\n\n\n\t\t<\/div>\n\n\t\t\n<style>\n#section_1806771522 {\n  padding-top: 30px;\n  padding-bottom: 30px;\n  background-color: #446084;\n}\n#section_1806771522 .section-bg-overlay {\n  background-color: rgba(0,0,0,.5);\n}\n<\/style>\n\t<\/section>\n\t\n\n","protected":false},"excerpt":{"rendered":"","protected":false},"author":1,"featured_media":2512,"parent":0,"menu_order":0,"comment_status":"closed","ping_status":"closed","template":"","meta":{"content-type":"","footnotes":""},"class_list":["post-2687","page","type-page","status-publish","has-post-thumbnail","hentry"],"_links":{"self":[{"href":"https:\/\/undergroundguns.com\/fr\/wp-json\/wp\/v2\/pages\/2687","targetHints":{"allow":["GET"]}}],"collection":[{"href":"https:\/\/undergroundguns.com\/fr\/wp-json\/wp\/v2\/pages"}],"about":[{"href":"https:\/\/undergroundguns.com\/fr\/wp-json\/wp\/v2\/types\/page"}],"author":[{"embeddable":true,"href":"https:\/\/undergroundguns.com\/fr\/wp-json\/wp\/v2\/users\/1"}],"replies":[{"embeddable":true,"href":"https:\/\/undergroundguns.com\/fr\/wp-json\/wp\/v2\/comments?post=2687"}],"version-history":[{"count":9,"href":"https:\/\/undergroundguns.com\/fr\/wp-json\/wp\/v2\/pages\/2687\/revisions"}],"predecessor-version":[{"id":2806,"href":"https:\/\/undergroundguns.com\/fr\/wp-json\/wp\/v2\/pages\/2687\/revisions\/2806"}],"wp:featuredmedia":[{"embeddable":true,"href":"https:\/\/undergroundguns.com\/fr\/wp-json\/wp\/v2\/media\/2512"}],"wp:attachment":[{"href":"https:\/\/undergroundguns.com\/fr\/wp-json\/wp\/v2\/media?parent=2687"}],"curies":[{"name":"wp","href":"https:\/\/api.w.org\/{rel}","templated":true}]}}