{"id":2727,"date":"2021-01-03T10:19:50","date_gmt":"2021-01-03T10:19:50","guid":{"rendered":"https:\/\/undergroundguns.com\/preguntas-frecuentes\/"},"modified":"2026-04-12T03:54:27","modified_gmt":"2026-04-12T03:54:27","slug":"preguntas-frecuentes","status":"publish","type":"page","link":"https:\/\/undergroundguns.com\/es\/preguntas-frecuentes\/","title":{"rendered":"Preguntas frecuentes<br>"},"content":{"rendered":"\n\t<section class=\"section dark\" id=\"section_1555449576\">\n\t\t<div class=\"bg section-bg fill bg-fill  \" >\n\n\t\t\t\n\t\t\t\n\t\t\t\n\n\t\t<\/div>\n\n\t\t<div class=\"section-content relative\">\n\t\t\t\n\n\n\t\t<\/div>\n\n\t\t\n<style>\n#section_1555449576 {\n  padding-top: 138px;\n  padding-bottom: 138px;\n  background-color: rgb(40, 40, 40);\n}\n#section_1555449576 .section-bg.bg-loaded {\n  background-image: url(https:\/\/undergroundguns.com\/wp-content\/uploads\/2024\/07\/FAQ.jpg);\n}\n<\/style>\n\t<\/section>\n\t\n\t<div id=\"gap-477153600\" class=\"gap-element clearfix\" style=\"display:block; height:auto;\">\n\t\t\n<style>\n#gap-477153600 {\n  padding-top: 40px;\n}\n<\/style>\n\t<\/div>\n\t\n\n<div class=\"row\"  id=\"row-714346704\">\n\n\n\t<div id=\"col-691627825\" class=\"col small-12 large-12\"  >\n\t\t<div class=\"col-inner\"  >\n\t\t\t\n\t\t\t\n\n<h1 style=\"text-align: center;\">FAQ (preguntas frecuentes)<\/h1>\n\n\t\t<\/div>\n\t\t\t<\/div>\n\n\t\n\n<\/div>\n<p style=\"text-align: center;\"><strong>Discover answers to FAQ about untraceable, unserialized, and unregistered firearms in Denmark, Germany and beyond at Underground Guns. Browse our dark web gun shop for a wide selection.<\/strong><\/p>\n<div class=\"text-center\"><div class=\"is-divider divider clearfix\" style=\"max-width:200px;height:4px;\"><\/div><\/div>\n\n<div class=\"accordion\" rel=\"\">\n\n<div class=\"accordion-item\"><a href=\"#\" class=\"accordion-title plain\"><button class=\"toggle\"><i class=\"icon-angle-down\"><\/i><\/button><span>\u00bfQu\u00e9 formas de pago aceptan?<\/span><\/a><div class=\"accordion-inner\">\n\n<p>Aceptamos bitcoin y otras <a href=\"https:\/\/en.wikipedia.org\/wiki\/Cryptocurrency\" target=\"_blank\" rel=\"noopener\">criptomonedas<\/a>.<\/p>\n\n<\/div><\/div>\n<div class=\"accordion-item\"><a href=\"#\" class=\"accordion-title plain\"><button class=\"toggle\"><i class=\"icon-angle-down\"><\/i><\/button><span>\u00bfCu\u00e1nto tiempo tardar\u00e9 en llegar mi pedido?<\/span><\/a><div class=\"accordion-inner\">\n\n<p>Debido al gran volumen de pedidos que recibimos, su pedido puede tardar hasta 4 d\u00edas en llegar a su destino.<\/p>\n\n<\/div><\/div>\n<div class=\"accordion-item\"><a href=\"#\" class=\"accordion-title plain\"><button class=\"toggle\"><i class=\"icon-angle-down\"><\/i><\/button><span>\u00bfEs posible realizar un pedido pendiente?<\/span><\/a><div class=\"accordion-inner\">\n\n<p>No aceptamos pedidos pendientes de art\u00edculos fuera de stock, pero puede solicitar que le enviemos un correo electr\u00f3nico cuando el art\u00edculo vuelva a estar disponible.<\/p>\n\n<\/div><\/div>\n<div class=\"accordion-item\"><a href=\"#\" class=\"accordion-title plain\"><button class=\"toggle\"><i class=\"icon-angle-down\"><\/i><\/button><span>\u00bfC\u00f3mo s\u00e9 si he recibido mi pedido?<\/span><\/a><div class=\"accordion-inner\">\n\n<p>Tras completar la compra, se mostrar\u00e1 una p\u00e1gina de confirmaci\u00f3n con el n\u00famero de pedido web y la informaci\u00f3n del mismo. Tambi\u00e9n le enviaremos una confirmaci\u00f3n por correo electr\u00f3nico. Aseg\u00farese de introducir su correo electr\u00f3nico correcto al realizar el pedido. Tambi\u00e9n puede contactarnos por WhatsApp, Telegram o cont\u00e1ctenos para confirmarlo lo antes posible.   <\/p>\n\n<\/div><\/div>\n<div class=\"accordion-item\"><a href=\"#\" class=\"accordion-title plain\"><button class=\"toggle\"><i class=\"icon-angle-down\"><\/i><\/button><span>\u00bfPuedo devolver un art\u00edculo?<\/span><\/a><div class=\"accordion-inner\">\n\n<p>Las armas de fuego de fabricaci\u00f3n privada o armas fantasma no se pueden devolver ni reembolsar; todas las ventas son finales ya que no tienen n\u00famero de serie.<\/p>\n\n<\/div><\/div>\n<div class=\"accordion-item\"><a href=\"#\" class=\"accordion-title plain\"><button class=\"toggle\"><i class=\"icon-angle-down\"><\/i><\/button><span>\u00bfC\u00f3mo hago un pedido?<\/span><\/a><div class=\"accordion-inner\">\n\n<p>Realice su pedido en cualquier momento las 24 horas del d\u00eda, los 7 d\u00edas de la semana en nuestro sitio web y pague directamente o <a href=\"https:\/\/undergroundguns.com\/unregistered-firearms-for-sale-in-hamburg\/\">cont\u00e1ctenos<\/a>.<br><\/p>\n\n<\/div><\/div>\n\n<\/div>\n\t<div id=\"gap-1376257557\" class=\"gap-element clearfix\" style=\"display:block; height:auto;\">\n\t\t\n<style>\n#gap-1376257557 {\n  padding-top: 50px;\n}\n<\/style>\n\t<\/div>\n\t\n\n\t<section class=\"section dark\" id=\"section_336785170\">\n\t\t<div class=\"bg section-bg fill bg-fill  bg-loaded\" >\n\n\t\t\t\n\t\t\t<div class=\"section-bg-overlay absolute fill\"><\/div><div class=\"effect-snow bg-effect fill no-click\"><\/div>\n\t\t\t\n\n\t\t<\/div>\n\n\t\t<div class=\"section-content relative\">\n\t\t\t\n\n<h2 style=\"text-align: center;\">\u00bfA\u00fan tienes preguntas sobre las armas subterr\u00e1neas?<\/h2>\n<a href=\"https:\/\/undergroundguns.com\/unregistered-firearms-for-sale-in-hamburg\/\" target=\"_self\" class=\"button secondary is-outline box-shadow-4 box-shadow-4-hover expand\" style=\"border-radius:99px;\">\n    <span>CONT\u00c1CTENOS<\/span>\n  <\/a>\n\n\n\n\t\t<\/div>\n\n\t\t\n<style>\n#section_336785170 {\n  padding-top: 30px;\n  padding-bottom: 30px;\n  background-color: #446084;\n}\n#section_336785170 .section-bg-overlay {\n  background-color: rgba(0,0,0,.5);\n}\n<\/style>\n\t<\/section>\n\t\n\n","protected":false},"excerpt":{"rendered":"","protected":false},"author":1,"featured_media":2517,"parent":0,"menu_order":0,"comment_status":"closed","ping_status":"closed","template":"","meta":{"content-type":"","footnotes":""},"class_list":["post-2727","page","type-page","status-publish","has-post-thumbnail","hentry"],"_links":{"self":[{"href":"https:\/\/undergroundguns.com\/es\/wp-json\/wp\/v2\/pages\/2727","targetHints":{"allow":["GET"]}}],"collection":[{"href":"https:\/\/undergroundguns.com\/es\/wp-json\/wp\/v2\/pages"}],"about":[{"href":"https:\/\/undergroundguns.com\/es\/wp-json\/wp\/v2\/types\/page"}],"author":[{"embeddable":true,"href":"https:\/\/undergroundguns.com\/es\/wp-json\/wp\/v2\/users\/1"}],"replies":[{"embeddable":true,"href":"https:\/\/undergroundguns.com\/es\/wp-json\/wp\/v2\/comments?post=2727"}],"version-history":[{"count":4,"href":"https:\/\/undergroundguns.com\/es\/wp-json\/wp\/v2\/pages\/2727\/revisions"}],"predecessor-version":[{"id":2816,"href":"https:\/\/undergroundguns.com\/es\/wp-json\/wp\/v2\/pages\/2727\/revisions\/2816"}],"wp:featuredmedia":[{"embeddable":true,"href":"https:\/\/undergroundguns.com\/es\/wp-json\/wp\/v2\/media\/2517"}],"wp:attachment":[{"href":"https:\/\/undergroundguns.com\/es\/wp-json\/wp\/v2\/media?parent=2727"}],"curies":[{"name":"wp","href":"https:\/\/api.w.org\/{rel}","templated":true}]}}