{"id":2715,"date":"2021-01-03T10:19:50","date_gmt":"2021-01-03T10:19:50","guid":{"rendered":"https:\/\/undergroundguns.com\/haeufig-gestellte-fragen\/"},"modified":"2026-04-12T03:05:30","modified_gmt":"2026-04-12T03:05:30","slug":"haeufig-gestellte-fragen","status":"publish","type":"page","link":"https:\/\/undergroundguns.com\/de\/haeufig-gestellte-fragen\/","title":{"rendered":"H\u00e4ufig gestellte Fragen<br>"},"content":{"rendered":"\n\t<section class=\"section dark\" id=\"section_59549226\">\n\t\t<div class=\"bg section-bg fill bg-fill  \" >\n\n\t\t\t\n\t\t\t\n\t\t\t\n\n\t\t<\/div>\n\n\t\t<div class=\"section-content relative\">\n\t\t\t\n\n\n\t\t<\/div>\n\n\t\t\n<style>\n#section_59549226 {\n  padding-top: 138px;\n  padding-bottom: 138px;\n  background-color: rgb(40, 40, 40);\n}\n#section_59549226 .section-bg.bg-loaded {\n  background-image: url(https:\/\/undergroundguns.com\/wp-content\/uploads\/2024\/07\/FAQ.jpg);\n}\n<\/style>\n\t<\/section>\n\t\n\t<div id=\"gap-1153368078\" class=\"gap-element clearfix\" style=\"display:block; height:auto;\">\n\t\t\n<style>\n#gap-1153368078 {\n  padding-top: 40px;\n}\n<\/style>\n\t<\/div>\n\t\n\n<div class=\"row\"  id=\"row-1215445106\">\n\n\n\t<div id=\"col-415893726\" class=\"col small-12 large-12\"  >\n\t\t<div class=\"col-inner\"  >\n\t\t\t\n\t\t\t\n\n<h1 style=\"text-align: center;\">FAQ (h\u00e4ufig gestellte Fragen)<\/h1>\n\n\t\t<\/div>\n\t\t\t<\/div>\n\n\t\n\n<\/div>\n<p style=\"text-align: center;\"><strong>Discover answers to FAQ about untraceable, unserialized, and unregistered firearms in Denmark, Germany and beyond at Underground Guns. Browse our dark web gun shop for a wide selection.<\/strong><\/p>\n<div class=\"text-center\"><div class=\"is-divider divider clearfix\" style=\"max-width:200px;height:4px;\"><\/div><\/div>\n\n<div class=\"accordion\" rel=\"\">\n\n<div class=\"accordion-item\"><a href=\"#\" class=\"accordion-title plain\"><button class=\"toggle\"><i class=\"icon-angle-down\"><\/i><\/button><span>Welche Zahlungsarten akzeptieren Sie?<\/span><\/a><div class=\"accordion-inner\">\n\n<p>Wir akzeptieren Bitcoin und andere <a href=\"https:\/\/en.wikipedia.org\/wiki\/Cryptocurrency\" target=\"_blank\" rel=\"noopener\">Kryptow\u00e4hrungen<\/a>.<\/p>\n\n<\/div><\/div>\n<div class=\"accordion-item\"><a href=\"#\" class=\"accordion-title plain\"><button class=\"toggle\"><i class=\"icon-angle-down\"><\/i><\/button><span>Wie lange dauert es, bis ich meine Bestellung erhalte?<\/span><\/a><div class=\"accordion-inner\">\n\n<p>Aufgrund des hohen Bestellaufkommens kann die Lieferung Ihrer Bestellung bis zu 4 Tage dauern.<\/p>\n\n<\/div><\/div>\n<div class=\"accordion-item\"><a href=\"#\" class=\"accordion-title plain\"><button class=\"toggle\"><i class=\"icon-angle-down\"><\/i><\/button><span>Kann ich eine Nachbestellung aufgeben?<\/span><\/a><div class=\"accordion-inner\">\n\n<p>Wir nehmen keine Nachbestellungen f\u00fcr nicht vorr\u00e4tige Artikel entgegen, aber Sie k\u00f6nnen anfordern, per E-Mail benachrichtigt zu werden, sobald der Artikel wieder verf\u00fcgbar ist.<\/p>\n\n<\/div><\/div>\n<div class=\"accordion-item\"><a href=\"#\" class=\"accordion-title plain\"><button class=\"toggle\"><i class=\"icon-angle-down\"><\/i><\/button><span>Wie erfahre ich, ob meine Bestellung eingegangen ist?<\/span><\/a><div class=\"accordion-inner\">\n\n<p>Nach Abschluss Ihres Kaufs wird Ihnen eine Best\u00e4tigungsseite mit Ihrer Bestellnummer und den Bestellinformationen angezeigt. Wir senden Ihnen au\u00dferdem eine Best\u00e4tigung per E-Mail. Bitte geben Sie daher bei der Bestellung Ihre korrekte E-Mail-Adresse an. Alternativ k\u00f6nnen Sie uns auch per WhatsApp\/Telegram oder \u00fcber unser Kontaktformular erreichen, um eine schnelle Best\u00e4tigung zu erhalten.   <\/p>\n\n<\/div><\/div>\n<div class=\"accordion-item\"><a href=\"#\" class=\"accordion-title plain\"><button class=\"toggle\"><i class=\"icon-angle-down\"><\/i><\/button><span>Kann ich einen Artikel zur\u00fcckgeben?<\/span><\/a><div class=\"accordion-inner\">\n\n<p>Privat hergestellte Schusswaffen oder Geisterwaffen sind vom Umtausch und der R\u00fcckgabe ausgeschlossen; alle Verk\u00e4ufe sind endg\u00fcltig, da sie keine Seriennummer besitzen.<\/p>\n\n<\/div><\/div>\n<div class=\"accordion-item\"><a href=\"#\" class=\"accordion-title plain\"><button class=\"toggle\"><i class=\"icon-angle-down\"><\/i><\/button><span>Wie kann ich eine Bestellung aufgeben?<\/span><\/a><div class=\"accordion-inner\">\n\n<p>Bestellen Sie jederzeit rund um die Uhr auf unserer Website und bezahlen Sie direkt oder <a href=\"https:\/\/undergroundguns.com\/unregistered-firearms-for-sale-in-hamburg\/\">kontaktieren Sie uns<\/a>, und wir erledigen das f\u00fcr Sie.<\/p>\n\n<\/div><\/div>\n\n<\/div>\n\t<div id=\"gap-2073590981\" class=\"gap-element clearfix\" style=\"display:block; height:auto;\">\n\t\t\n<style>\n#gap-2073590981 {\n  padding-top: 50px;\n}\n<\/style>\n\t<\/div>\n\t\n\n\t<section class=\"section dark\" id=\"section_1843268663\">\n\t\t<div class=\"bg section-bg fill bg-fill  bg-loaded\" >\n\n\t\t\t\n\t\t\t<div class=\"section-bg-overlay absolute fill\"><\/div><div class=\"effect-snow bg-effect fill no-click\"><\/div>\n\t\t\t\n\n\t\t<\/div>\n\n\t\t<div class=\"section-content relative\">\n\t\t\t\n\n<h2 style=\"text-align: center;\">Haben Sie noch Fragen zu Underground Guns?<\/h2>\n<a href=\"https:\/\/undergroundguns.com\/unregistered-firearms-for-sale-in-hamburg\/\" target=\"_self\" class=\"button secondary is-outline box-shadow-4 box-shadow-4-hover expand\" style=\"border-radius:99px;\">\n    <span>KONTAKT<\/span>\n  <\/a>\n\n\n\n\t\t<\/div>\n\n\t\t\n<style>\n#section_1843268663 {\n  padding-top: 30px;\n  padding-bottom: 30px;\n  background-color: #446084;\n}\n#section_1843268663 .section-bg-overlay {\n  background-color: rgba(0,0,0,.5);\n}\n<\/style>\n\t<\/section>\n\t\n\n","protected":false},"excerpt":{"rendered":"","protected":false},"author":1,"featured_media":2513,"parent":0,"menu_order":0,"comment_status":"closed","ping_status":"closed","template":"","meta":{"content-type":"","footnotes":""},"class_list":["post-2715","page","type-page","status-publish","has-post-thumbnail","hentry"],"_links":{"self":[{"href":"https:\/\/undergroundguns.com\/de\/wp-json\/wp\/v2\/pages\/2715","targetHints":{"allow":["GET"]}}],"collection":[{"href":"https:\/\/undergroundguns.com\/de\/wp-json\/wp\/v2\/pages"}],"about":[{"href":"https:\/\/undergroundguns.com\/de\/wp-json\/wp\/v2\/types\/page"}],"author":[{"embeddable":true,"href":"https:\/\/undergroundguns.com\/de\/wp-json\/wp\/v2\/users\/1"}],"replies":[{"embeddable":true,"href":"https:\/\/undergroundguns.com\/de\/wp-json\/wp\/v2\/comments?post=2715"}],"version-history":[{"count":4,"href":"https:\/\/undergroundguns.com\/de\/wp-json\/wp\/v2\/pages\/2715\/revisions"}],"predecessor-version":[{"id":2808,"href":"https:\/\/undergroundguns.com\/de\/wp-json\/wp\/v2\/pages\/2715\/revisions\/2808"}],"wp:featuredmedia":[{"embeddable":true,"href":"https:\/\/undergroundguns.com\/de\/wp-json\/wp\/v2\/media\/2513"}],"wp:attachment":[{"href":"https:\/\/undergroundguns.com\/de\/wp-json\/wp\/v2\/media?parent=2715"}],"curies":[{"name":"wp","href":"https:\/\/api.w.org\/{rel}","templated":true}]}}